{"id":6729,"date":"2025-04-16T11:32:11","date_gmt":"2025-04-16T09:32:11","guid":{"rendered":"https:\/\/labapoland.pl\/?post_type=product&#038;p=6729"},"modified":"2026-02-20T20:53:48","modified_gmt":"2026-02-20T19:53:48","slug":"lezak-syrena","status":"publish","type":"product","link":"https:\/\/labapoland.pl\/en\/product\/lezak-syrena\/","title":{"rendered":"Le\u017cak Syrena"},"content":{"rendered":"<ul>\n<li>\n<ul>\n<li>The frame is made of\u00a0<strong>excellent quality beech wood<\/strong>, witch has an increased degree of hardness.<\/li>\n<li><strong>The backrest is adjustable in 3 positions<\/strong>, easy for use.<\/li>\n<li>The wood was extra\u00a0<strong>impregnated<\/strong>, making them resistant to moisture.<\/li>\n<li>We focus on seating comfort, which is why Laba deckchairs are additional\u00a0<strong>widened<\/strong>.<\/li>\n<li>What is more, our deckchairs are\u00a0<strong>handy<\/strong>, thanks to the handle that makes it easier to carry. Just grab it, lift it and go!<\/li>\n<li><strong>The fabric<\/strong>\u00a0can be easily removed (just pull out the rod) and\u00a0<strong>wash it in the washing machine<\/strong>, thanks to what it is easy to keep the fabric clean.<\/li>\n<\/ul>\n<p><strong>Weight:<\/strong>\u00a03.5 kg<br \/>\n<strong>Dimensions:<\/strong>\u00a0120 x 62 x 3.5 cm<br \/>\n<strong>Frame color:<\/strong>\u00a0dark<br \/>\n<strong>Carrying capacity:<\/strong>\u00a0max. 110 kg<\/p>\n<p><strong>Attention:<\/strong>\u00a0due to the nature of the wood, the actual shade and color of the frame may differ slightly from the one shown in the photos.<\/p>\n<p><b>Delivery: <\/b>1-3 dni roboczych<\/li>\n<\/ul>","protected":false},"excerpt":{"rendered":"<p><strong>SYRENA WARSZAWSKA<\/strong><\/p>\n<p>Wz\u00f3r Syrena, to ho\u0142d dla ikonicznego symbolu Warszawy \u2013 Syrenki, uj\u0119tej w nowoczesnej, artystycznej formie.\u00a0Autorski projekt stworzony specjalnie dla Laba Poland przez polsk\u0105 artystk\u0119 (ilustratorka, graficzka, malarka) Pol\u0119 Augustynowicz.<\/p>\n<p>Wyraziste kolory, oryginalny wz\u00f3r i trwa\u0142a konstrukcja sprawiaj\u0105, \u017ce le\u017cak idealnie sprawdzi si\u0119 na balkonie, w parku czy nad Wis\u0142\u0105.<\/p>\n<p><strong>Wraz z le\u017cakiem Warszawa tworzy stylowy duet,<\/strong> kt\u00f3ry podkre\u015bli Twoje przywi\u0105zanie do stolicy i mi\u0142o\u015b\u0107 do designu. Dodaj do swojej przestrzeni <strong>warszawski akcent<\/strong> i ciesz si\u0119 wygod\u0105 z charakterem.<\/p>\n<p>&nbsp;<\/p>\n<p>&nbsp;<\/p>","protected":false},"featured_media":6739,"comment_status":"open","ping_status":"closed","template":"","meta":[],"product_brand":[],"product_cat":[69],"product_tag":[106,82],"class_list":{"0":"post-6729","1":"product","2":"type-product","3":"status-publish","4":"has-post-thumbnail","6":"product_cat-lezaki","7":"product_tag-joginka","8":"product_tag-lezak","10":"first","11":"instock","12":"taxable","13":"shipping-taxable","14":"purchasable","15":"product-type-simple"},"aioseo_notices":[],"_links":{"self":[{"href":"https:\/\/labapoland.pl\/en\/wp-json\/wp\/v2\/product\/6729","targetHints":{"allow":["GET"]}}],"collection":[{"href":"https:\/\/labapoland.pl\/en\/wp-json\/wp\/v2\/product"}],"about":[{"href":"https:\/\/labapoland.pl\/en\/wp-json\/wp\/v2\/types\/product"}],"replies":[{"embeddable":true,"href":"https:\/\/labapoland.pl\/en\/wp-json\/wp\/v2\/comments?post=6729"}],"wp:featuredmedia":[{"embeddable":true,"href":"https:\/\/labapoland.pl\/en\/wp-json\/wp\/v2\/media\/6739"}],"wp:attachment":[{"href":"https:\/\/labapoland.pl\/en\/wp-json\/wp\/v2\/media?parent=6729"}],"wp:term":[{"taxonomy":"product_brand","embeddable":true,"href":"https:\/\/labapoland.pl\/en\/wp-json\/wp\/v2\/product_brand?post=6729"},{"taxonomy":"product_cat","embeddable":true,"href":"https:\/\/labapoland.pl\/en\/wp-json\/wp\/v2\/product_cat?post=6729"},{"taxonomy":"product_tag","embeddable":true,"href":"https:\/\/labapoland.pl\/en\/wp-json\/wp\/v2\/product_tag?post=6729"}],"curies":[{"name":"wp","href":"https:\/\/api.w.org\/{rel}","templated":true}]}}