{"id":3982,"date":"2021-04-26T22:35:05","date_gmt":"2021-04-26T20:35:05","guid":{"rendered":"http:\/\/newprod.labapoland.pl\/?page_id=3982"},"modified":"2025-03-04T21:53:39","modified_gmt":"2025-03-04T20:53:39","slug":"polityka_prywatnosci_eu","status":"publish","type":"page","link":"https:\/\/labapoland.pl\/en\/polityka_prywatnosci_eu\/","title":{"rendered":"Privacy and cookie policy"},"content":{"rendered":"<div class=\"wpb-content-wrapper\"><div class=\"vc_row wpb_row vc_row-fluid\"><div class=\"container\"><div class=\"row\"><div class=\"wpb_column vc_column_container vc_col-sm-12\"><div class=\"vc_column-inner\"><div class=\"wpb_wrapper\"><div class=\"unero-section-title\"><h2 class=\"title\">Privacy and cookie policy<\/h2><\/div><\/div><\/div><\/div><\/div><\/div><\/div><div class=\"vc_row wpb_row vc_row-fluid\"><div class=\"container\"><div class=\"row\"><div class=\"wpb_column vc_column_container vc_col-sm-1\"><div class=\"vc_column-inner\"><div class=\"wpb_wrapper\"><\/div><\/div><\/div><div class=\"wpb_column vc_column_container vc_col-sm-10\"><div class=\"vc_column-inner\"><div class=\"wpb_wrapper\"><h2 style=\"font-size: 23px;color: #000000;line-height: 1.4;text-align: center\" class=\"vc_custom_heading vc_do_custom_heading\" >Introduction<\/h2>\n\t<div class=\"wpb_text_column wpb_content_element\" >\n\t\t<div class=\"wpb_wrapper\">\n\t\t\t<p><span style=\"font-weight: 400;\">The protection of information and data related to the Users of our website is of the utmost importance to us. Therefore, we make every effort to ensure that our Users feel safe when entrusting us with their personal data when using our websites. This privacy policy explains the principles and scope related to processing of Users' personal data, their rights and our obligations as a data administrator. <\/span><span style=\"font-weight: 400;\">At the same time, while respecting the User's rights and the Personal Data Protection Act, we oblige to maintain the security and confidentiality of the obtained personal data.<\/span><\/p>\n<p>The administrator of personal data related to this website is:\u00a0<strong>Enedwaith Karol Wielechowski NIP: 1132619300.<\/strong><\/p>\n<p>While placing the order with our Store, the Client is going to be asked to provide following information: name, last name, telephone number, e-mail, delivery address and information about the payment method. All those mentioned elements are necessary to complete the order. As the proof of completed order Client receives VAT invoice. Buyer can ask for the VAT invoice to be issued to company while including additional information. If Buyer wants VAT invoice to be issued to the company in addition to basic information mentioned earlier it is requird to provide: VAT number (Tax Indentification Number), full company name and address. In regards to Buyers that don't declare need for VAT invoice for company, the invoice will be issued to the residential address provided during the order process.<\/p>\n<p><span style=\"font-weight: 400;\">We assure you that our Store does not transfer, sell or lend the collected customers personal data to third parties, unless it is done with the express consent or at the request of the Client, or at the request of properly empowered authorities, in connection with ongoing proceedings. We also do not store confidential data such as customer credit card numbers or access data to the customer's bank account.<\/span><\/p>\n<p>Our website,\u00a0<a href=\"http:\/\/newprod.labapoland.pl\/\">https:\/\/labapoland.pl<\/a> (hereinafter: \"website\") uses cookie<span style=\"font-weight: 400;\"> files and other related technologies (for convenience, all technologies are referred to as \"cookies\").<\/span><\/p>\n<p><span style=\"font-weight: 400;\">This document informs you about the use of cookies on our website.<\/span><\/p>\n<p>Odbiorc\u0105 Twoich danych w rozumieniu art. 13. ust. 1. e) RODO (GDPR) jest Usercentrics GmbH. W kontek\u015bcie przetwarzania zam\u00f3wienia Enedwaith Karol Wielechowski przekazuje dane osobowe (dane zgody) do Usercentrics GmbH, Sendlingerstr. 7, 80331 Monachium jako podmiotu przetwarzaj\u0105cego. Dane zgody oznaczaj\u0105 nast\u0119puj\u0105ce dane: Data i godzina wizyty lub zgody\/odmowy, informacje o urz\u0105dzeniu. Przetwarzanie danych odbywa si\u0119 w celu wype\u0142nienia obowi\u0105zk\u00f3w prawnych (obowi\u0105zek dostarczenia dowod\u00f3w zgodnie z art. 7 (1) RODO) i powi\u0105zanej dokumentacji zg\u00f3d, a zatem na podstawie art. 6 (1) lit. c) RODO. Do przechowywania danych wykorzystywane jest lokalne przechowywanie.<br \/>\nDane zgody s\u0105 przechowywane przez 1 rok. Dane s\u0105 przechowywane w Unii Europejskiej. Aby uzyska\u0107 wi\u0119cej informacji na temat zebranych danych i opcji kontaktu, odwied\u017a stron\u0119 https:\/\/usercentrics.com\/privacy-policy\/.<\/p>\n\n\t\t<\/div>\n\t<\/div>\n<div class=\"vc_empty_space\"   style=\"height: 38px\"><span class=\"vc_empty_space_inner\"><\/span><\/div><\/div><\/div><\/div><div class=\"wpb_column vc_column_container vc_col-sm-1\"><div class=\"vc_column-inner\"><div class=\"wpb_wrapper\"><\/div><\/div><\/div><\/div><\/div><\/div><div class=\"vc_row wpb_row vc_row-fluid\"><div class=\"container\"><div class=\"row\"><div class=\"wpb_column vc_column_container vc_col-sm-1\"><div class=\"vc_column-inner\"><div class=\"wpb_wrapper\"><\/div><\/div><\/div><div class=\"wpb_column vc_column_container vc_col-sm-10\"><div class=\"vc_column-inner\"><div class=\"wpb_wrapper\"><h2 style=\"font-size: 23px;color: #000000;line-height: 1.4;text-align: center\" class=\"vc_custom_heading vc_do_custom_heading\" >What are cookies?<\/h2>\n\t<div class=\"wpb_text_column wpb_content_element\" >\n\t\t<div class=\"wpb_wrapper\">\n\t\t\t<p>A cookie is a small, simple file sent with the pages of this website and stored by your browser on the hard drive of your computer or other device. The information stored therein may be returned to our servers or to the servers of the relevant third parties on your next visit.<\/p>\n\n\t\t<\/div>\n\t<\/div>\n<div class=\"vc_empty_space\"   style=\"height: 38px\"><span class=\"vc_empty_space_inner\"><\/span><\/div><\/div><\/div><\/div><div class=\"wpb_column vc_column_container vc_col-sm-1\"><div class=\"vc_column-inner\"><div class=\"wpb_wrapper\"><\/div><\/div><\/div><\/div><\/div><\/div><div class=\"vc_row wpb_row vc_row-fluid\"><div class=\"container\"><div class=\"row\"><div class=\"wpb_column vc_column_container vc_col-sm-1\"><div class=\"vc_column-inner\"><div class=\"wpb_wrapper\"><\/div><\/div><\/div><div class=\"wpb_column vc_column_container vc_col-sm-10\"><div class=\"vc_column-inner\"><div class=\"wpb_wrapper\"><h2 style=\"font-size: 23px;color: #000000;line-height: 1.4;text-align: center\" class=\"vc_custom_heading vc_do_custom_heading\" >What are scripts?<\/h2>\n\t<div class=\"wpb_text_column wpb_content_element\" >\n\t\t<div class=\"wpb_wrapper\">\n\t\t\t<p>A script is a fragment of program code that is used for the proper and interactive operation of a website. This code is executed on our server or on your device.<\/p>\n\n\t\t<\/div>\n\t<\/div>\n<div class=\"vc_empty_space\"   style=\"height: 38px\"><span class=\"vc_empty_space_inner\"><\/span><\/div><\/div><\/div><\/div><div class=\"wpb_column vc_column_container vc_col-sm-1\"><div class=\"vc_column-inner\"><div class=\"wpb_wrapper\"><\/div><\/div><\/div><\/div><\/div><\/div><div class=\"vc_row wpb_row vc_row-fluid\"><div class=\"container\"><div class=\"row\"><div class=\"wpb_column vc_column_container vc_col-sm-1\"><div class=\"vc_column-inner\"><div class=\"wpb_wrapper\"><\/div><\/div><\/div><div class=\"wpb_column vc_column_container vc_col-sm-10\"><div class=\"vc_column-inner\"><div class=\"wpb_wrapper\"><h2 style=\"font-size: 23px;color: #000000;line-height: 1.4;text-align: center\" class=\"vc_custom_heading vc_do_custom_heading\" >What is pixel tag?<\/h2>\n\t<div class=\"wpb_text_column wpb_content_element\" >\n\t\t<div class=\"wpb_wrapper\">\n\t\t\t<p>A web beacon (or pixel tag) is a small, invisible piece of text or image on a website that is used to monitor website traffic. To do this, various data about you is stored using web beacons.<\/p>\n\n\t\t<\/div>\n\t<\/div>\n<div class=\"vc_empty_space\"   style=\"height: 38px\"><span class=\"vc_empty_space_inner\"><\/span><\/div><\/div><\/div><\/div><div class=\"wpb_column vc_column_container vc_col-sm-1\"><div class=\"vc_column-inner\"><div class=\"wpb_wrapper\"><\/div><\/div><\/div><\/div><\/div><\/div><div class=\"vc_row wpb_row vc_row-fluid\"><div class=\"container\"><div class=\"row\"><div class=\"wpb_column vc_column_container vc_col-sm-1\"><div class=\"vc_column-inner\"><div class=\"wpb_wrapper\"><\/div><\/div><\/div><div class=\"wpb_column vc_column_container vc_col-sm-10\"><div class=\"vc_column-inner\"><div class=\"wpb_wrapper\"><h2 style=\"font-size: 23px;color: #000000;line-height: 1.4;text-align: center\" class=\"vc_custom_heading vc_do_custom_heading\" >Cookie files<\/h2>\n\t<div class=\"wpb_text_column wpb_content_element\" >\n\t\t<div class=\"wpb_wrapper\">\n\t\t\t<p class=\"cmplz-subtitle\"><strong>Technical or functional cookies<\/strong><\/p>\n<p>Some cookies ensure the proper functioning of the website and understanding the User's preferences. By placing functional cookies, we make it easier for you to visit our website. In this way, the User does not have to enter the same information repeatedly when visiting our website and, for example, the items remain in the shopping cart until the Buyer pays for the purchase or withdraws the items from the shopping cart. These cookies may be placed without the User's consent.<\/p>\n<p class=\"cmplz-subtitle\"><strong>Analytical cookies<\/strong><\/p>\n<p>Analytical cookies may be used to optimize the User's experience of the website. These analytical cookies provide us with insight into the use of our website.<br \/>\nWith this type of cookie, we ask the User for consent to place analytical cookies.<\/p>\n<p class=\"cmplz-subtitle\"><strong>Marketing\/Tracking cookies<\/strong><\/p>\n<p>Marketing\/tracking cookies are cookies (or other forms of local storage) used to create a profile of a user in order to serve ads to that user or track that user on this or other websites for similar marketing purposes.<br \/>\nWith this type of cookie, we ask the User for consent to place marketing\/tracking cookies.<\/p>\n\n\t\t<\/div>\n\t<\/div>\n<div class=\"vc_empty_space\"   style=\"height: 38px\"><span class=\"vc_empty_space_inner\"><\/span><\/div><\/div><\/div><\/div><div class=\"wpb_column vc_column_container vc_col-sm-1\"><div class=\"vc_column-inner\"><div class=\"wpb_wrapper\"><\/div><\/div><\/div><\/div><\/div><\/div><div class=\"vc_row wpb_row vc_row-fluid\"><div class=\"container\"><div class=\"row\"><div class=\"wpb_column vc_column_container vc_col-sm-1\"><div class=\"vc_column-inner\"><div class=\"wpb_wrapper\"><\/div><\/div><\/div><div class=\"wpb_column vc_column_container vc_col-sm-10\"><div class=\"vc_column-inner\"><div class=\"wpb_wrapper\"><h2 style=\"font-size: 23px;color: #000000;line-height: 1.4;text-align: center\" class=\"vc_custom_heading vc_do_custom_heading\" >Consent<\/h2>\n\t<div class=\"wpb_text_column wpb_content_element\" >\n\t\t<div class=\"wpb_wrapper\">\n\t\t\t<p>Kiedy u\u017cytkownik odwiedza nasz\u0105 stron\u0119 internetow\u0105 po raz pierwszy, poka\u017cemy wyskakuj\u0105ce okienko z wyja\u015bnieniem dotycz\u0105cym plik\u00f3w cookie. Po klikni\u0119ciu przycisku \u201cAkceptuj wszystko\u201d U\u017cytkownik wyra\u017ca zgod\u0119 na u\u017cywanie przez nas wszystkich kategorii plik\u00f3w. Wybieraj\u0105c opcj\u0119 &#8222;Preferencje&#8221; U\u017cytkownik ma mo\u017cliwo\u015b\u0107 wybor\u00f3w rodzaju plik\u00f3w cookie, na kt\u00f3ra chce wyrazi\u0107 zgod\u0119.<br \/>\nThe use of cookies can be disabled by the User via the browser, although this may result in our website not working properly.<\/p>\n<p class=\"cmplz-subtitle\">The cookies used with our website are following:<br \/>\n- Functional<br \/>\n\u2013 Statistics<br \/>\n\u2013 Marketing<\/p>\n\n\t\t<\/div>\n\t<\/div>\n<div class=\"vc_empty_space\"   style=\"height: 38px\"><span class=\"vc_empty_space_inner\"><\/span><\/div><\/div><\/div><\/div><div class=\"wpb_column vc_column_container vc_col-sm-1\"><div class=\"vc_column-inner\"><div class=\"wpb_wrapper\"><\/div><\/div><\/div><\/div><\/div><\/div><div class=\"vc_row wpb_row vc_row-fluid\"><div class=\"container\"><div class=\"row\"><div class=\"wpb_column vc_column_container vc_col-sm-1\"><div class=\"vc_column-inner\"><div class=\"wpb_wrapper\"><\/div><\/div><\/div><div class=\"wpb_column vc_column_container vc_col-sm-10\"><div class=\"vc_column-inner\"><div class=\"wpb_wrapper\"><h2 style=\"font-size: 23px;color: #000000;line-height: 1.4;text-align: center\" class=\"vc_custom_heading vc_do_custom_heading\" >Your rights in relation to your personal data<\/h2>\n\t<div class=\"wpb_text_column wpb_content_element\" >\n\t\t<div class=\"wpb_wrapper\">\n\t\t\t<p>Website user has the following rights in regards to his personal data.<\/p>\n<ul>\n<li>You have the right to know why your personal data is needed, what will happen to it and how long it will be stored.<\/li>\n<li>Right of access: you have the right to access the personal data known to us.<\/li>\n<li>Right to rectification: you have the right to supplement, correct, delete or block your personal data at any time.<\/li>\n<li>If you consent to the processing of your data, you have the right to withdraw this consent and delete your personal data.<\/li>\n<li>The right to transfer data. You have the right to request all your personal data from the administrator and transfer it in full to another controller.<\/li>\n<li>Right to object: you can object to the processing of your data. We comply with this unless there are legitimate grounds for processing.<\/li>\n<\/ul>\n<p>To exercise these rights, please contact the website Administrator. Please refer to the contact details at the bottom of this cookie statement. If you have a complaint about how we handle your data, we would like to hear ot from you, but you also have the right to lodge a complaint with the authority (data protection authority).<\/p>\n\n\t\t<\/div>\n\t<\/div>\n<div class=\"vc_empty_space\"   style=\"height: 38px\"><span class=\"vc_empty_space_inner\"><\/span><\/div><\/div><\/div><\/div><div class=\"wpb_column vc_column_container vc_col-sm-1\"><div class=\"vc_column-inner\"><div class=\"wpb_wrapper\"><\/div><\/div><\/div><\/div><\/div><\/div><div class=\"vc_row wpb_row vc_row-fluid\"><div class=\"container\"><div class=\"row\"><div class=\"wpb_column vc_column_container vc_col-sm-1\"><div class=\"vc_column-inner\"><div class=\"wpb_wrapper\"><\/div><\/div><\/div><div class=\"wpb_column vc_column_container vc_col-sm-10\"><div class=\"vc_column-inner\"><div class=\"wpb_wrapper\"><h2 style=\"font-size: 23px;color: #000000;line-height: 1.4;text-align: center\" class=\"vc_custom_heading vc_do_custom_heading\" >Enabling\/disabling and deleting cookies<\/h2>\n\t<div class=\"wpb_text_column wpb_content_element\" >\n\t\t<div class=\"wpb_wrapper\">\n\t\t\t<p>You can use your web browser to automatically or manually delete cookies. Your browser settings should include an option to set that selected files will not be placed on the hard drive of your computer or other device. Another option is to change your browser settings so that you receive a message each time a cookie is placed. For more information about these options, please refer to the instructions, which should be located in your browser's Help section.<\/p>\n<p>Our website may not function properly if all cookies are disabled. If cookies are deleted in your browser, they will be placed again if further consent is given when you visit our website again.<\/p>\n\n\t\t<\/div>\n\t<\/div>\n<div class=\"vc_empty_space\"   style=\"height: 38px\"><span class=\"vc_empty_space_inner\"><\/span><\/div><\/div><\/div><\/div><div class=\"wpb_column vc_column_container vc_col-sm-1\"><div class=\"vc_column-inner\"><div class=\"wpb_wrapper\"><\/div><\/div><\/div><\/div><\/div><\/div><div class=\"vc_row wpb_row vc_row-fluid\"><div class=\"container\"><div class=\"row\"><div class=\"wpb_column vc_column_container vc_col-sm-1\"><div class=\"vc_column-inner\"><div class=\"wpb_wrapper\"><\/div><\/div><\/div><div class=\"wpb_column vc_column_container vc_col-sm-10\"><div class=\"vc_column-inner\"><div class=\"wpb_wrapper\"><h2 style=\"font-size: 23px;color: #000000;line-height: 1.4;text-align: center\" class=\"vc_custom_heading vc_do_custom_heading\" >Contact details<\/h2>\n\t<div class=\"wpb_text_column wpb_content_element\" >\n\t\t<div class=\"wpb_wrapper\">\n\t\t\t<p>If you have any questions or comments regarding our cookie policy and this statement, please contact us using the following contact details:<\/p>\n<p>Enedwaith Karol Wielechowski<br \/>\nKorzeniowa 5\/2<br \/>\n05-077 Warsaw<br \/>\nmasovian voivodeship<br \/>\nWebsite:\u00a0<a href=\"http:\/\/newprod.labapoland.pl\/\">https:\/\/labapoland.pl<\/a><br \/>\nE-mail:\u00a0<a href=\"mailto:hello@labapoland.pl\">hello@labapoland.pl<\/a><\/p>\n\n\t\t<\/div>\n\t<\/div>\n<div class=\"vc_empty_space\"   style=\"height: 38px\"><span class=\"vc_empty_space_inner\"><\/span><\/div><div class=\"vc_empty_space\"   style=\"height: 20px\"><span class=\"vc_empty_space_inner\"><\/span><\/div><\/div><\/div><\/div><div class=\"wpb_column vc_column_container vc_col-sm-1\"><div class=\"vc_column-inner\"><div class=\"wpb_wrapper\"><\/div><\/div><\/div><\/div><\/div><\/div>\n<\/div>","protected":false},"excerpt":{"rendered":"Polityka prywatno\u015bci oraz plik\u00f3w cookiesWprowadzenie Ochrona informacji oraz danych dotycz\u0105cych U\u017cytkownik\u00f3w naszego Serwisu jest dla nas spraw\u0105 najwy\u017cszej wagi. W zwi\u0105zku z tym, dok\u0142adamy wszelkich stara\u0144, aby nasi U\u017cytkownicy czuli&hellip;","protected":false},"author":1,"featured_media":0,"parent":0,"menu_order":0,"comment_status":"closed","ping_status":"closed","template":"","meta":{"footnotes":""},"class_list":["post-3982","page","type-page","status-publish","hentry"],"aioseo_notices":[],"_links":{"self":[{"href":"https:\/\/labapoland.pl\/en\/wp-json\/wp\/v2\/pages\/3982","targetHints":{"allow":["GET"]}}],"collection":[{"href":"https:\/\/labapoland.pl\/en\/wp-json\/wp\/v2\/pages"}],"about":[{"href":"https:\/\/labapoland.pl\/en\/wp-json\/wp\/v2\/types\/page"}],"author":[{"embeddable":true,"href":"https:\/\/labapoland.pl\/en\/wp-json\/wp\/v2\/users\/1"}],"replies":[{"embeddable":true,"href":"https:\/\/labapoland.pl\/en\/wp-json\/wp\/v2\/comments?post=3982"}],"version-history":[{"count":49,"href":"https:\/\/labapoland.pl\/en\/wp-json\/wp\/v2\/pages\/3982\/revisions"}],"predecessor-version":[{"id":6623,"href":"https:\/\/labapoland.pl\/en\/wp-json\/wp\/v2\/pages\/3982\/revisions\/6623"}],"wp:attachment":[{"href":"https:\/\/labapoland.pl\/en\/wp-json\/wp\/v2\/media?parent=3982"}],"curies":[{"name":"wp","href":"https:\/\/api.w.org\/{rel}","templated":true}]}}